{"id":755,"date":"2021-12-14T18:37:23","date_gmt":"2021-12-14T18:37:23","guid":{"rendered":"https:\/\/unternehmen-eurythmie.ch\/journal-articles\/"},"modified":"2021-12-14T18:37:26","modified_gmt":"2021-12-14T18:37:26","slug":"journal-articles","status":"publish","type":"page","link":"https:\/\/unternehmen-eurythmie.ch\/en\/journal-articles\/","title":{"rendered":"Journal articles"},"content":{"rendered":"<h2>Journal and internet articles<\/h2>\n<p>click to read<\/p>\n<h4><a href=\"https:\/\/dasgoetheanum.com\/eurythmie-als-anwendungskunst\/\" target=\"_blank\" rel=\"noopener\"><span style=\"color: #800000;\">EURYTHMIE als Anwendungskunst<\/span><\/a><\/h4>\n<p>Das Goetheanum 11\/2021, S. 12-15<\/p>\n<p>&nbsp;<\/p>\n<h4 class=\"entry-title title flipboard-title\"><a href=\"https:\/\/unternehmen-eurythmie.ch\/wp-neu-sep2019\/wp-content\/uploads\/2021\/03\/Buchbesprechung-Rundbrief-74-2021.pdf\"><span style=\"color: #800000;\">Buchbesprechung: Verwandlungskr\u00e4fte der Eurythmie<\/span><\/a><\/h4>\n<p>Rundbrief der Sektion f\u00fcr Redende und Musizierende K\u00fcnste 74 (2021)<\/p>\n<p>&nbsp;<\/p>\n<h4 class=\"entry-title title flipboard-title\"><a href=\"https:\/\/dasgoetheanum.com\/in-jeder-handlung-beginnt-eine-neue-evolution\/\" target=\"_blank\" rel=\"noopener\"><span style=\"color: #800000;\">In jeder Handlung beginnt eine neue Evolution<\/span><\/a><\/h4>\n<p>Das Goetheanum 42\/2020<\/p>\n<p>&nbsp;<\/p>\n<h4><a href=\"https:\/\/unternehmen-eurythmie.ch\/wp-neu-sep2019\/wp-content\/uploads\/2021\/03\/implizit04_artenova_einzelseiten-1.pdf\"><span style=\"color: #800000;\">EURYTHMIE IN DER BACKSTUBE<\/span><\/a><\/h4>\n<p>Implizit 04, 2020 (<a href=\"https:\/\/www.sagst.de\/service-presse\/sagst-implizit\/\" target=\"_blank\" rel=\"noopener\">www.sagst.de\/service-presse\/sagst-implizit\/<\/a>)<\/p>\n<p>&nbsp;<\/p>\n<h4><a href=\"https:\/\/unternehmen-eurythmie.ch\/wp-neu-sep2019\/wp-content\/uploads\/2019\/09\/Changing-the-taste-of-apples-by-eurythmic-treatments.pdf\">Changing the taste of apples by eurythmic treatments<\/a><\/h4>\n<p>OpenAgriculture 4-2019, 460-464 (<a href=\"https:\/\/doi.org\/10.1515\/opag-2019-0045\">https:\/\/doi.org\/10.1515\/opag-2019-0045<\/a>)<\/p>\n<p>&nbsp;<\/p>\n<h4><a title=\"Initiates file download\" href=\"https:\/\/unternehmen-eurythmie.ch\/wp-neu-sep2019\/wp-content\/uploads\/2019\/09\/Forschung_2018-4.pdf\">Geschmacksentwicklung bei \u00c4pfeln durch eurythmische Behandlungen<br \/>\n<\/a><\/h4>\n<p>Lebendige Erde 4-2018<\/p>\n<p>&nbsp;<\/p>\n<h4><a title=\"Initiates file download\" href=\"https:\/\/unternehmen-eurythmie.ch\/wp-neu-sep2019\/wp-content\/uploads\/2019\/09\/Libra_1-16_-_I_dialog_med_naturen.pdf\">I dialog med naturen<\/a><\/h4>\n<p>LIBRA 1 \/ 2016<\/p>\n<p>&nbsp;<\/p>\n<h4><a title=\"www.nna-news.org\" href=\"http:\/\/www.nna-news.org\/de\/nachrichten\/artikel\/?tx_ttnews%5Btt_news%5D=25&amp;cHash=1076b095303737666210a4ac287bd92b\" target=\"_blank\" rel=\"noopener noreferrer\">Wie sich Lebenskr\u00e4fte durch Eurythmie steigern lassen<\/a><\/h4>\n<p>April 2012, auf <a title=\"www.nna-news.org\" href=\"http:\/\/www.nna-news.org\/\" target=\"_blank\" rel=\"noopener noreferrer\">www.nna-news.org<\/a><\/p>\n<p>&nbsp;<\/p>\n<h4><a title=\"Initiates file download\" href=\"https:\/\/unternehmen-eurythmie.ch\/wp-neu-sep2019\/wp-content\/uploads\/2019\/09\/Kilthau-Baumgartner.pdf\">Eurythmie und ihre Wirkungen auf Pflanzen<\/a><\/h4>\n<p>die Drei 3\/2012<\/p>\n<p>&nbsp;<\/p>\n<h4><a title=\"Initiates file download\" href=\"https:\/\/unternehmen-eurythmie.ch\/wp-neu-sep2019\/wp-content\/uploads\/2019\/09\/Goetheanum_29_2010.pdf\" target=\"_blank\" rel=\"noopener noreferrer\">Zur Verlebendigung<\/a><\/h4>\n<p>Goetheanum Nr. 29, 2010<\/p>\n<p>&nbsp;<\/p>\n<h4><a title=\"Initiates file download\" href=\"https:\/\/unternehmen-eurythmie.ch\/wp-neu-sep2019\/wp-content\/uploads\/2019\/09\/Info3_02-2010.pdf\" target=\"_blank\" rel=\"noopener noreferrer\">Werkzeuge im Lebendigen<\/a><\/h4>\n<p>Info3 Nr. 2, 2010<\/p>\n<p>&nbsp;<\/p>\n<h4><a title=\"Initiates file download\" href=\"https:\/\/unternehmen-eurythmie.ch\/wp-neu-sep2019\/wp-content\/uploads\/2019\/09\/BIODYNAMIS_No_67_2009_2.pdf\" target=\"_blank\" rel=\"noopener noreferrer\">Quelques aspects des nouveaux r\u00e9sultats des recherches de Tanja Baumgartner<\/a><\/h4>\n<p>BIODYNAMIS Nr. 67, 2009<\/p>\n<p>&nbsp;<\/p>\n<h4><a title=\"Initiates file download\" href=\"https:\/\/unternehmen-eurythmie.ch\/wp-neu-sep2019\/wp-content\/uploads\/2019\/09\/BIODYNAMIS_No_67_2009_1.pdf\" target=\"_blank\" rel=\"noopener noreferrer\">L\u2019eurythmie pour les plantes<\/a><\/h4>\n<p>BIODYNAMIS Nr. 67, 2009<\/p>\n<p>&nbsp;<\/p>\n<h4><a title=\"Initiates file download\" href=\"https:\/\/unternehmen-eurythmie.ch\/wp-neu-sep2019\/wp-content\/uploads\/2019\/09\/Auftakt_1-2009.pdf\" target=\"_blank\" rel=\"noopener noreferrer\">Eurythmie-Basis-Ausbildung (EBA) \u2013 Die Entstehungsgeschichte und die Grundidee der zweij\u00e4hrigen Basis-Ausbildung<\/a><\/h4>\n<p>Auftakt Nr. 1, 2009<\/p>\n<p>&nbsp;<\/p>\n<h4><a title=\"Initiates file download\" href=\"https:\/\/unternehmen-eurythmie.ch\/wp-neu-sep2019\/wp-content\/uploads\/2019\/09\/Beitraege_4-08.pdf\" target=\"_blank\" rel=\"noopener noreferrer\">Pflanzen reagieren auf Eurythmie<\/a><\/h4>\n<p>Beitr\u00e4ge (Demeter Schweiz) Nr. 4, 2008<\/p>\n<p>&nbsp;<\/p>\n<h4><a title=\"Initiates file download\" href=\"https:\/\/unternehmen-eurythmie.ch\/wp-neu-sep2019\/wp-content\/uploads\/2019\/09\/Goetheanum_14-15_2007.pdf\" target=\"_blank\" rel=\"noopener noreferrer\">Pflanzenz\u00fcchtung \u2013 durch Eurythmie<\/a><\/h4>\n<p>Goetheanum Nr. 14\/15, 2007<\/p>\n<p>&nbsp;<\/p>\n<h4><a title=\"Initiates file download\" href=\"https:\/\/unternehmen-eurythmie.ch\/wp-neu-sep2019\/wp-content\/uploads\/2019\/09\/BIODYNAMIS_No_57_2007.pdf\" target=\"_blank\" rel=\"noopener noreferrer\">Cr\u00e9er de nouvelles vari\u00e9t\u00e9s de plantes gr\u00e2ce \u00e0 I\u2019eurythmie<\/a><\/h4>\n<p>BIODYNAMIS Nr. 57, 2007<\/p>\n","protected":false},"excerpt":{"rendered":"<p>Journal and internet articles click to read EURYTHMIE als Anwendungskunst Das Goetheanum 11\/2021, S. 12-15 &nbsp; Buchbesprechung: Verwandlungskr\u00e4fte der Eurythmie&hellip;<\/p>\n","protected":false},"author":1,"featured_media":0,"parent":0,"menu_order":0,"comment_status":"closed","ping_status":"closed","template":"","meta":{"footnotes":""},"class_list":["post-755","page","type-page","status-publish","hentry"],"yoast_head":"<!-- This site is optimized with the Yoast SEO plugin v27.4 - https:\/\/yoast.com\/product\/yoast-seo-wordpress\/ -->\n<title>Journal articles -<\/title>\n<meta name=\"robots\" content=\"index, follow, max-snippet:-1, max-image-preview:large, max-video-preview:-1\" \/>\n<link rel=\"canonical\" href=\"https:\/\/unternehmen-eurythmie.ch\/en\/journal-articles\/\" \/>\n<meta property=\"og:locale\" content=\"en_US\" \/>\n<meta property=\"og:type\" content=\"article\" \/>\n<meta property=\"og:title\" content=\"Journal articles -\" \/>\n<meta property=\"og:description\" content=\"Journal and internet articles click to read EURYTHMIE als Anwendungskunst Das Goetheanum 11\/2021, S. 12-15 &nbsp; Buchbesprechung: Verwandlungskr\u00e4fte der Eurythmie&hellip;\" \/>\n<meta property=\"og:url\" content=\"https:\/\/unternehmen-eurythmie.ch\/en\/journal-articles\/\" \/>\n<meta property=\"article:modified_time\" content=\"2021-12-14T18:37:26+00:00\" \/>\n<meta name=\"twitter:card\" content=\"summary_large_image\" \/>\n<meta name=\"twitter:label1\" content=\"Est. reading time\" \/>\n\t<meta name=\"twitter:data1\" content=\"1 minute\" \/>\n<script type=\"application\/ld+json\" class=\"yoast-schema-graph\">{\"@context\":\"https:\\\/\\\/schema.org\",\"@graph\":[{\"@type\":\"WebPage\",\"@id\":\"https:\\\/\\\/unternehmen-eurythmie.ch\\\/en\\\/journal-articles\\\/\",\"url\":\"https:\\\/\\\/unternehmen-eurythmie.ch\\\/en\\\/journal-articles\\\/\",\"name\":\"Journal articles -\",\"isPartOf\":{\"@id\":\"https:\\\/\\\/unternehmen-eurythmie.ch\\\/en\\\/#website\"},\"datePublished\":\"2021-12-14T18:37:23+00:00\",\"dateModified\":\"2021-12-14T18:37:26+00:00\",\"breadcrumb\":{\"@id\":\"https:\\\/\\\/unternehmen-eurythmie.ch\\\/en\\\/journal-articles\\\/#breadcrumb\"},\"inLanguage\":\"en-US\",\"potentialAction\":[{\"@type\":\"ReadAction\",\"target\":[\"https:\\\/\\\/unternehmen-eurythmie.ch\\\/en\\\/journal-articles\\\/\"]}]},{\"@type\":\"BreadcrumbList\",\"@id\":\"https:\\\/\\\/unternehmen-eurythmie.ch\\\/en\\\/journal-articles\\\/#breadcrumb\",\"itemListElement\":[{\"@type\":\"ListItem\",\"position\":1,\"name\":\"Startseite\",\"item\":\"https:\\\/\\\/unternehmen-eurythmie.ch\\\/en\\\/\"},{\"@type\":\"ListItem\",\"position\":2,\"name\":\"Journal articles\"}]},{\"@type\":\"WebSite\",\"@id\":\"https:\\\/\\\/unternehmen-eurythmie.ch\\\/en\\\/#website\",\"url\":\"https:\\\/\\\/unternehmen-eurythmie.ch\\\/en\\\/\",\"name\":\"unternehmen eurythmie\",\"description\":\"\",\"publisher\":{\"@id\":\"https:\\\/\\\/unternehmen-eurythmie.ch\\\/en\\\/#organization\"},\"potentialAction\":[{\"@type\":\"SearchAction\",\"target\":{\"@type\":\"EntryPoint\",\"urlTemplate\":\"https:\\\/\\\/unternehmen-eurythmie.ch\\\/en\\\/?s={search_term_string}\"},\"query-input\":{\"@type\":\"PropertyValueSpecification\",\"valueRequired\":true,\"valueName\":\"search_term_string\"}}],\"inLanguage\":\"en-US\"},{\"@type\":\"Organization\",\"@id\":\"https:\\\/\\\/unternehmen-eurythmie.ch\\\/en\\\/#organization\",\"name\":\"unternehmen eurythmie Tanja Baumgartner GmbH\",\"url\":\"https:\\\/\\\/unternehmen-eurythmie.ch\\\/en\\\/\",\"logo\":{\"@type\":\"ImageObject\",\"inLanguage\":\"en-US\",\"@id\":\"https:\\\/\\\/unternehmen-eurythmie.ch\\\/en\\\/#\\\/schema\\\/logo\\\/image\\\/\",\"url\":\"https:\\\/\\\/unternehmen-eurythmie.ch\\\/wp-neu-sep2019\\\/wp-content\\\/uploads\\\/2019\\\/09\\\/Logo_mit_Schrift_rot..gif\",\"contentUrl\":\"https:\\\/\\\/unternehmen-eurythmie.ch\\\/wp-neu-sep2019\\\/wp-content\\\/uploads\\\/2019\\\/09\\\/Logo_mit_Schrift_rot..gif\",\"width\":1000,\"height\":638,\"caption\":\"unternehmen eurythmie Tanja Baumgartner GmbH\"},\"image\":{\"@id\":\"https:\\\/\\\/unternehmen-eurythmie.ch\\\/en\\\/#\\\/schema\\\/logo\\\/image\\\/\"}}]}<\/script>\n<!-- \/ Yoast SEO plugin. -->","yoast_head_json":{"title":"Journal articles -","robots":{"index":"index","follow":"follow","max-snippet":"max-snippet:-1","max-image-preview":"max-image-preview:large","max-video-preview":"max-video-preview:-1"},"canonical":"https:\/\/unternehmen-eurythmie.ch\/en\/journal-articles\/","og_locale":"en_US","og_type":"article","og_title":"Journal articles -","og_description":"Journal and internet articles click to read EURYTHMIE als Anwendungskunst Das Goetheanum 11\/2021, S. 12-15 &nbsp; Buchbesprechung: Verwandlungskr\u00e4fte der Eurythmie&hellip;","og_url":"https:\/\/unternehmen-eurythmie.ch\/en\/journal-articles\/","article_modified_time":"2021-12-14T18:37:26+00:00","twitter_card":"summary_large_image","twitter_misc":{"Est. reading time":"1 minute"},"schema":{"@context":"https:\/\/schema.org","@graph":[{"@type":"WebPage","@id":"https:\/\/unternehmen-eurythmie.ch\/en\/journal-articles\/","url":"https:\/\/unternehmen-eurythmie.ch\/en\/journal-articles\/","name":"Journal articles -","isPartOf":{"@id":"https:\/\/unternehmen-eurythmie.ch\/en\/#website"},"datePublished":"2021-12-14T18:37:23+00:00","dateModified":"2021-12-14T18:37:26+00:00","breadcrumb":{"@id":"https:\/\/unternehmen-eurythmie.ch\/en\/journal-articles\/#breadcrumb"},"inLanguage":"en-US","potentialAction":[{"@type":"ReadAction","target":["https:\/\/unternehmen-eurythmie.ch\/en\/journal-articles\/"]}]},{"@type":"BreadcrumbList","@id":"https:\/\/unternehmen-eurythmie.ch\/en\/journal-articles\/#breadcrumb","itemListElement":[{"@type":"ListItem","position":1,"name":"Startseite","item":"https:\/\/unternehmen-eurythmie.ch\/en\/"},{"@type":"ListItem","position":2,"name":"Journal articles"}]},{"@type":"WebSite","@id":"https:\/\/unternehmen-eurythmie.ch\/en\/#website","url":"https:\/\/unternehmen-eurythmie.ch\/en\/","name":"unternehmen eurythmie","description":"","publisher":{"@id":"https:\/\/unternehmen-eurythmie.ch\/en\/#organization"},"potentialAction":[{"@type":"SearchAction","target":{"@type":"EntryPoint","urlTemplate":"https:\/\/unternehmen-eurythmie.ch\/en\/?s={search_term_string}"},"query-input":{"@type":"PropertyValueSpecification","valueRequired":true,"valueName":"search_term_string"}}],"inLanguage":"en-US"},{"@type":"Organization","@id":"https:\/\/unternehmen-eurythmie.ch\/en\/#organization","name":"unternehmen eurythmie Tanja Baumgartner GmbH","url":"https:\/\/unternehmen-eurythmie.ch\/en\/","logo":{"@type":"ImageObject","inLanguage":"en-US","@id":"https:\/\/unternehmen-eurythmie.ch\/en\/#\/schema\/logo\/image\/","url":"https:\/\/unternehmen-eurythmie.ch\/wp-neu-sep2019\/wp-content\/uploads\/2019\/09\/Logo_mit_Schrift_rot..gif","contentUrl":"https:\/\/unternehmen-eurythmie.ch\/wp-neu-sep2019\/wp-content\/uploads\/2019\/09\/Logo_mit_Schrift_rot..gif","width":1000,"height":638,"caption":"unternehmen eurythmie Tanja Baumgartner GmbH"},"image":{"@id":"https:\/\/unternehmen-eurythmie.ch\/en\/#\/schema\/logo\/image\/"}}]}},"_links":{"self":[{"href":"https:\/\/unternehmen-eurythmie.ch\/en\/wp-json\/wp\/v2\/pages\/755","targetHints":{"allow":["GET"]}}],"collection":[{"href":"https:\/\/unternehmen-eurythmie.ch\/en\/wp-json\/wp\/v2\/pages"}],"about":[{"href":"https:\/\/unternehmen-eurythmie.ch\/en\/wp-json\/wp\/v2\/types\/page"}],"author":[{"embeddable":true,"href":"https:\/\/unternehmen-eurythmie.ch\/en\/wp-json\/wp\/v2\/users\/1"}],"replies":[{"embeddable":true,"href":"https:\/\/unternehmen-eurythmie.ch\/en\/wp-json\/wp\/v2\/comments?post=755"}],"version-history":[{"count":1,"href":"https:\/\/unternehmen-eurythmie.ch\/en\/wp-json\/wp\/v2\/pages\/755\/revisions"}],"predecessor-version":[{"id":756,"href":"https:\/\/unternehmen-eurythmie.ch\/en\/wp-json\/wp\/v2\/pages\/755\/revisions\/756"}],"wp:attachment":[{"href":"https:\/\/unternehmen-eurythmie.ch\/en\/wp-json\/wp\/v2\/media?parent=755"}],"curies":[{"name":"wp","href":"https:\/\/api.w.org\/{rel}","templated":true}]}}