{"id":895,"date":"2022-01-02T16:25:03","date_gmt":"2022-01-02T16:25:03","guid":{"rendered":"https:\/\/unternehmen-eurythmie.ch\/book-2-bewege-dich-gesund\/"},"modified":"2022-01-02T16:25:06","modified_gmt":"2022-01-02T16:25:06","slug":"book-2-bewege-dich-gesund","status":"publish","type":"page","link":"https:\/\/unternehmen-eurythmie.ch\/en\/book-2-bewege-dich-gesund\/","title":{"rendered":"book 2: Bewege dich gesund"},"content":{"rendered":"<div class=\"col-text-1 text-normal element-top-20 element-bottom-20\" data-os-animation=\"none\" data-os-animation-delay=\"0s\">\n<p><img loading=\"lazy\" decoding=\"async\" class=\"alignright size-medium wp-image-838\" src=\"https:\/\/unternehmen-eurythmie.ch\/wp-neu-sep2019\/wp-content\/uploads\/2022\/01\/import-23271-converted_1280x1280-239x300.jpg\" alt=\"\" width=\"239\" height=\"300\" srcset=\"https:\/\/unternehmen-eurythmie.ch\/wp-neu-sep2019\/wp-content\/uploads\/2022\/01\/import-23271-converted_1280x1280-239x300.jpg 239w, https:\/\/unternehmen-eurythmie.ch\/wp-neu-sep2019\/wp-content\/uploads\/2022\/01\/import-23271-converted_1280x1280.jpg 544w\" sizes=\"auto, (max-width: 239px) 100vw, 239px\" \/><\/p>\n<p>Tanja Baumgartner<\/p>\n<h5 class=\"product--title\">Bewege dich gesund!<\/h5>\n<p>Lebenskr\u00e4fte entdecken &#8211; Lebensenergie wecken<br \/>\n3 x 7 \u00dcbungen f\u00fcr den Alltag<\/p>\n<p>&nbsp;<\/p>\n<p>Futurum-Verlag, Basel, 2021<br \/>\n192 pages<span class=\"entry--content\"><br \/>\n<\/span>ISBN: <span class=\"entry--content\"> 978-3-85636-271-3<\/span><\/p>\n<p>&nbsp;<\/p>\n<p>Lack of activity makes you sick. But not only physical complaints can be the result. We no longer feel &#8220;comfortable in our skin,&#8221; and even the diverse exercise offerings of a &#8220;fitness industry&#8221; that focus exclusively on physical performance and endurance can&#8217;t change that.<\/p>\n<p>Movement can only be therapeutically effective if it takes hold of the whole person and restores the balance between our physical body and its vital forces. Tanja Baumgartner has developed 21 exercises for this purpose, which not only strengthen physically, but above all sensitize us to the perception of inner movement impulses, which we learn to grasp consciously in the process. Out of her experience with different forms of therapy, she has developed an exercise path that can be adapted to one&#8217;s own needs and gradually opens up access to the deeper layers of our body, where the life forces originate.<\/p>\n<p>How to order: <a href=\"https:\/\/unternehmen-eurythmie.ch\/bestellung-buch\/\">unternehmen eurythmie,<\/a> <a href=\"https:\/\/www.futurumverlag.com\/de\/futurum-verlag\/neuerscheinung\/bewege-dich-gesund\">Futurum-Verlag<\/a> and in your bookstore<\/p>\n<\/div>\n","protected":false},"excerpt":{"rendered":"<p>Tanja Baumgartner Bewege dich gesund! Lebenskr\u00e4fte entdecken &#8211; Lebensenergie wecken 3 x 7 \u00dcbungen f\u00fcr den Alltag &nbsp; Futurum-Verlag, Basel,&hellip;<\/p>\n","protected":false},"author":1,"featured_media":0,"parent":0,"menu_order":0,"comment_status":"closed","ping_status":"closed","template":"","meta":{"footnotes":""},"class_list":["post-895","page","type-page","status-publish","hentry"],"yoast_head":"<!-- This site is optimized with the Yoast SEO plugin v27.4 - https:\/\/yoast.com\/product\/yoast-seo-wordpress\/ -->\n<title>book 2: Bewege dich gesund -<\/title>\n<meta name=\"robots\" content=\"index, follow, max-snippet:-1, max-image-preview:large, max-video-preview:-1\" \/>\n<link rel=\"canonical\" href=\"https:\/\/unternehmen-eurythmie.ch\/en\/book-2-bewege-dich-gesund\/\" \/>\n<meta property=\"og:locale\" content=\"en_US\" \/>\n<meta property=\"og:type\" content=\"article\" \/>\n<meta property=\"og:title\" content=\"book 2: Bewege dich gesund -\" \/>\n<meta property=\"og:description\" content=\"Tanja Baumgartner Bewege dich gesund! Lebenskr\u00e4fte entdecken &#8211; Lebensenergie wecken 3 x 7 \u00dcbungen f\u00fcr den Alltag &nbsp; Futurum-Verlag, Basel,&hellip;\" \/>\n<meta property=\"og:url\" content=\"https:\/\/unternehmen-eurythmie.ch\/en\/book-2-bewege-dich-gesund\/\" \/>\n<meta property=\"article:modified_time\" content=\"2022-01-02T16:25:06+00:00\" \/>\n<meta property=\"og:image\" content=\"https:\/\/unternehmen-eurythmie.ch\/wp-neu-sep2019\/wp-content\/uploads\/2022\/01\/import-23271-converted_1280x1280-239x300.jpg\" \/>\n<meta name=\"twitter:card\" content=\"summary_large_image\" \/>\n<meta name=\"twitter:label1\" content=\"Est. reading time\" \/>\n\t<meta name=\"twitter:data1\" content=\"1 minute\" \/>\n<script type=\"application\/ld+json\" class=\"yoast-schema-graph\">{\"@context\":\"https:\\\/\\\/schema.org\",\"@graph\":[{\"@type\":\"WebPage\",\"@id\":\"https:\\\/\\\/unternehmen-eurythmie.ch\\\/en\\\/book-2-bewege-dich-gesund\\\/\",\"url\":\"https:\\\/\\\/unternehmen-eurythmie.ch\\\/en\\\/book-2-bewege-dich-gesund\\\/\",\"name\":\"book 2: Bewege dich gesund -\",\"isPartOf\":{\"@id\":\"https:\\\/\\\/unternehmen-eurythmie.ch\\\/en\\\/#website\"},\"primaryImageOfPage\":{\"@id\":\"https:\\\/\\\/unternehmen-eurythmie.ch\\\/en\\\/book-2-bewege-dich-gesund\\\/#primaryimage\"},\"image\":{\"@id\":\"https:\\\/\\\/unternehmen-eurythmie.ch\\\/en\\\/book-2-bewege-dich-gesund\\\/#primaryimage\"},\"thumbnailUrl\":\"https:\\\/\\\/unternehmen-eurythmie.ch\\\/wp-neu-sep2019\\\/wp-content\\\/uploads\\\/2022\\\/01\\\/import-23271-converted_1280x1280-239x300.jpg\",\"datePublished\":\"2022-01-02T16:25:03+00:00\",\"dateModified\":\"2022-01-02T16:25:06+00:00\",\"breadcrumb\":{\"@id\":\"https:\\\/\\\/unternehmen-eurythmie.ch\\\/en\\\/book-2-bewege-dich-gesund\\\/#breadcrumb\"},\"inLanguage\":\"en-US\",\"potentialAction\":[{\"@type\":\"ReadAction\",\"target\":[\"https:\\\/\\\/unternehmen-eurythmie.ch\\\/en\\\/book-2-bewege-dich-gesund\\\/\"]}]},{\"@type\":\"ImageObject\",\"inLanguage\":\"en-US\",\"@id\":\"https:\\\/\\\/unternehmen-eurythmie.ch\\\/en\\\/book-2-bewege-dich-gesund\\\/#primaryimage\",\"url\":\"https:\\\/\\\/unternehmen-eurythmie.ch\\\/wp-neu-sep2019\\\/wp-content\\\/uploads\\\/2022\\\/01\\\/import-23271-converted_1280x1280-239x300.jpg\",\"contentUrl\":\"https:\\\/\\\/unternehmen-eurythmie.ch\\\/wp-neu-sep2019\\\/wp-content\\\/uploads\\\/2022\\\/01\\\/import-23271-converted_1280x1280-239x300.jpg\"},{\"@type\":\"BreadcrumbList\",\"@id\":\"https:\\\/\\\/unternehmen-eurythmie.ch\\\/en\\\/book-2-bewege-dich-gesund\\\/#breadcrumb\",\"itemListElement\":[{\"@type\":\"ListItem\",\"position\":1,\"name\":\"Startseite\",\"item\":\"https:\\\/\\\/unternehmen-eurythmie.ch\\\/en\\\/\"},{\"@type\":\"ListItem\",\"position\":2,\"name\":\"book 2: Bewege dich gesund\"}]},{\"@type\":\"WebSite\",\"@id\":\"https:\\\/\\\/unternehmen-eurythmie.ch\\\/en\\\/#website\",\"url\":\"https:\\\/\\\/unternehmen-eurythmie.ch\\\/en\\\/\",\"name\":\"unternehmen eurythmie\",\"description\":\"\",\"publisher\":{\"@id\":\"https:\\\/\\\/unternehmen-eurythmie.ch\\\/en\\\/#organization\"},\"potentialAction\":[{\"@type\":\"SearchAction\",\"target\":{\"@type\":\"EntryPoint\",\"urlTemplate\":\"https:\\\/\\\/unternehmen-eurythmie.ch\\\/en\\\/?s={search_term_string}\"},\"query-input\":{\"@type\":\"PropertyValueSpecification\",\"valueRequired\":true,\"valueName\":\"search_term_string\"}}],\"inLanguage\":\"en-US\"},{\"@type\":\"Organization\",\"@id\":\"https:\\\/\\\/unternehmen-eurythmie.ch\\\/en\\\/#organization\",\"name\":\"unternehmen eurythmie Tanja Baumgartner GmbH\",\"url\":\"https:\\\/\\\/unternehmen-eurythmie.ch\\\/en\\\/\",\"logo\":{\"@type\":\"ImageObject\",\"inLanguage\":\"en-US\",\"@id\":\"https:\\\/\\\/unternehmen-eurythmie.ch\\\/en\\\/#\\\/schema\\\/logo\\\/image\\\/\",\"url\":\"https:\\\/\\\/unternehmen-eurythmie.ch\\\/wp-neu-sep2019\\\/wp-content\\\/uploads\\\/2019\\\/09\\\/Logo_mit_Schrift_rot..gif\",\"contentUrl\":\"https:\\\/\\\/unternehmen-eurythmie.ch\\\/wp-neu-sep2019\\\/wp-content\\\/uploads\\\/2019\\\/09\\\/Logo_mit_Schrift_rot..gif\",\"width\":1000,\"height\":638,\"caption\":\"unternehmen eurythmie Tanja Baumgartner GmbH\"},\"image\":{\"@id\":\"https:\\\/\\\/unternehmen-eurythmie.ch\\\/en\\\/#\\\/schema\\\/logo\\\/image\\\/\"}}]}<\/script>\n<!-- \/ Yoast SEO plugin. -->","yoast_head_json":{"title":"book 2: Bewege dich gesund -","robots":{"index":"index","follow":"follow","max-snippet":"max-snippet:-1","max-image-preview":"max-image-preview:large","max-video-preview":"max-video-preview:-1"},"canonical":"https:\/\/unternehmen-eurythmie.ch\/en\/book-2-bewege-dich-gesund\/","og_locale":"en_US","og_type":"article","og_title":"book 2: Bewege dich gesund -","og_description":"Tanja Baumgartner Bewege dich gesund! Lebenskr\u00e4fte entdecken &#8211; Lebensenergie wecken 3 x 7 \u00dcbungen f\u00fcr den Alltag &nbsp; Futurum-Verlag, Basel,&hellip;","og_url":"https:\/\/unternehmen-eurythmie.ch\/en\/book-2-bewege-dich-gesund\/","article_modified_time":"2022-01-02T16:25:06+00:00","og_image":[{"url":"https:\/\/unternehmen-eurythmie.ch\/wp-neu-sep2019\/wp-content\/uploads\/2022\/01\/import-23271-converted_1280x1280-239x300.jpg","type":"","width":"","height":""}],"twitter_card":"summary_large_image","twitter_misc":{"Est. reading time":"1 minute"},"schema":{"@context":"https:\/\/schema.org","@graph":[{"@type":"WebPage","@id":"https:\/\/unternehmen-eurythmie.ch\/en\/book-2-bewege-dich-gesund\/","url":"https:\/\/unternehmen-eurythmie.ch\/en\/book-2-bewege-dich-gesund\/","name":"book 2: Bewege dich gesund -","isPartOf":{"@id":"https:\/\/unternehmen-eurythmie.ch\/en\/#website"},"primaryImageOfPage":{"@id":"https:\/\/unternehmen-eurythmie.ch\/en\/book-2-bewege-dich-gesund\/#primaryimage"},"image":{"@id":"https:\/\/unternehmen-eurythmie.ch\/en\/book-2-bewege-dich-gesund\/#primaryimage"},"thumbnailUrl":"https:\/\/unternehmen-eurythmie.ch\/wp-neu-sep2019\/wp-content\/uploads\/2022\/01\/import-23271-converted_1280x1280-239x300.jpg","datePublished":"2022-01-02T16:25:03+00:00","dateModified":"2022-01-02T16:25:06+00:00","breadcrumb":{"@id":"https:\/\/unternehmen-eurythmie.ch\/en\/book-2-bewege-dich-gesund\/#breadcrumb"},"inLanguage":"en-US","potentialAction":[{"@type":"ReadAction","target":["https:\/\/unternehmen-eurythmie.ch\/en\/book-2-bewege-dich-gesund\/"]}]},{"@type":"ImageObject","inLanguage":"en-US","@id":"https:\/\/unternehmen-eurythmie.ch\/en\/book-2-bewege-dich-gesund\/#primaryimage","url":"https:\/\/unternehmen-eurythmie.ch\/wp-neu-sep2019\/wp-content\/uploads\/2022\/01\/import-23271-converted_1280x1280-239x300.jpg","contentUrl":"https:\/\/unternehmen-eurythmie.ch\/wp-neu-sep2019\/wp-content\/uploads\/2022\/01\/import-23271-converted_1280x1280-239x300.jpg"},{"@type":"BreadcrumbList","@id":"https:\/\/unternehmen-eurythmie.ch\/en\/book-2-bewege-dich-gesund\/#breadcrumb","itemListElement":[{"@type":"ListItem","position":1,"name":"Startseite","item":"https:\/\/unternehmen-eurythmie.ch\/en\/"},{"@type":"ListItem","position":2,"name":"book 2: Bewege dich gesund"}]},{"@type":"WebSite","@id":"https:\/\/unternehmen-eurythmie.ch\/en\/#website","url":"https:\/\/unternehmen-eurythmie.ch\/en\/","name":"unternehmen eurythmie","description":"","publisher":{"@id":"https:\/\/unternehmen-eurythmie.ch\/en\/#organization"},"potentialAction":[{"@type":"SearchAction","target":{"@type":"EntryPoint","urlTemplate":"https:\/\/unternehmen-eurythmie.ch\/en\/?s={search_term_string}"},"query-input":{"@type":"PropertyValueSpecification","valueRequired":true,"valueName":"search_term_string"}}],"inLanguage":"en-US"},{"@type":"Organization","@id":"https:\/\/unternehmen-eurythmie.ch\/en\/#organization","name":"unternehmen eurythmie Tanja Baumgartner GmbH","url":"https:\/\/unternehmen-eurythmie.ch\/en\/","logo":{"@type":"ImageObject","inLanguage":"en-US","@id":"https:\/\/unternehmen-eurythmie.ch\/en\/#\/schema\/logo\/image\/","url":"https:\/\/unternehmen-eurythmie.ch\/wp-neu-sep2019\/wp-content\/uploads\/2019\/09\/Logo_mit_Schrift_rot..gif","contentUrl":"https:\/\/unternehmen-eurythmie.ch\/wp-neu-sep2019\/wp-content\/uploads\/2019\/09\/Logo_mit_Schrift_rot..gif","width":1000,"height":638,"caption":"unternehmen eurythmie Tanja Baumgartner GmbH"},"image":{"@id":"https:\/\/unternehmen-eurythmie.ch\/en\/#\/schema\/logo\/image\/"}}]}},"_links":{"self":[{"href":"https:\/\/unternehmen-eurythmie.ch\/en\/wp-json\/wp\/v2\/pages\/895","targetHints":{"allow":["GET"]}}],"collection":[{"href":"https:\/\/unternehmen-eurythmie.ch\/en\/wp-json\/wp\/v2\/pages"}],"about":[{"href":"https:\/\/unternehmen-eurythmie.ch\/en\/wp-json\/wp\/v2\/types\/page"}],"author":[{"embeddable":true,"href":"https:\/\/unternehmen-eurythmie.ch\/en\/wp-json\/wp\/v2\/users\/1"}],"replies":[{"embeddable":true,"href":"https:\/\/unternehmen-eurythmie.ch\/en\/wp-json\/wp\/v2\/comments?post=895"}],"version-history":[{"count":1,"href":"https:\/\/unternehmen-eurythmie.ch\/en\/wp-json\/wp\/v2\/pages\/895\/revisions"}],"predecessor-version":[{"id":896,"href":"https:\/\/unternehmen-eurythmie.ch\/en\/wp-json\/wp\/v2\/pages\/895\/revisions\/896"}],"wp:attachment":[{"href":"https:\/\/unternehmen-eurythmie.ch\/en\/wp-json\/wp\/v2\/media?parent=895"}],"curies":[{"name":"wp","href":"https:\/\/api.w.org\/{rel}","templated":true}]}}